{"id":44,"date":"2024-05-13T14:36:02","date_gmt":"2024-05-13T14:36:02","guid":{"rendered":"https:\/\/alliot.it\/?page_id=44"},"modified":"2025-06-12T07:49:29","modified_gmt":"2025-06-12T07:49:29","slug":"consulenza-aziendale","status":"publish","type":"page","link":"https:\/\/alliot.it\/en\/consulenza-aziendale\/","title":{"rendered":"BUSINESS CONSULTING"},"content":{"rendered":"<blockquote><p>\u201cWe help you manage your employees as valuable people\u201d<\/p><\/blockquote>\n<p>Companies are made up of people and help them achieve goals to face market challenges.<\/p>\n<p>The parallel growth of people and businesses is one of Alliot's main focuses, as employees' sense of belonging is crucial to company growth.<\/p>\n<p>Il ruolo di Alliot non \u00e8 unicamente incentrato nella sola formazione della sicurezza sul luogo di lavoro, bens\u00ec nella comprensione e stimolazione delle risorse.\u00a0Ha una visione pi\u00f9 umana del ruolo di formazione, pi\u00f9 sensibile alle dinamiche interne dell&#8217;azienda e maggiormente allineata con lo scenario lavorativo attuale.<\/p>\n<p>Alliot has always been committed to working with companies' Human Resources managers to identify the training needs of their staff.<\/p>\n<p>Quindi a parte l&#8217;indispensabile formazione e la consolidata esperienza, ci sono requisiti e abilit\u00e0 da maturare e fortificare nel tempo, che risultano basilari per svolgere efficacemente le proprie mansioni.<\/p>\n<p>Alliot organizes team building sessions or specific training courses for individuals, such as:<\/p>\n<ul>\n<li>Effective communication courses<\/li>\n<li>Conflict Management Courses<\/li>\n<li>Organizational skills courses<\/li>\n<li>Courses to reduce burnout<\/li>\n<li>Role-playing games<\/li>\n<\/ul>\n<p>And more\u2026<\/p>\n<p>Alliot also offers monitoring of your employees' periodic training by checking the expiration dates of training certificates and ensuring they are always up to date.<\/p>\n<p class=\"translation-block\">It helps you draft the Risk Assessment Document (DVR) and the Emergency and Evacuation Plan (EEP). It supports you with an external consultant for the role of Prevention and Protection Service Manager <strong>(RSPP)<\/strong>.<\/p>","protected":false},"excerpt":{"rendered":"<p>\u201cTi aiutiamo a gestire i tuoi dipendenti come persone di valore\u201d Le aziende sono fatte di persone ed aiutano a raggiungere gli obiettivi per affrontare le sfide del mercato. La crescita parallela delle persone e delle imprese \u00e8 uno dei focus principali di Alliot, poich\u00e9 il senso di appartenenza dei dipendenti \u00e8 determinante per la [&hellip;]<\/p>","protected":false},"author":1,"featured_media":72,"parent":0,"menu_order":0,"comment_status":"closed","ping_status":"closed","template":"","meta":{"_acf_changed":false,"footnotes":""},"class_list":["post-44","page","type-page","status-publish","has-post-thumbnail","hentry"],"acf":[],"_links":{"self":[{"href":"https:\/\/alliot.it\/en\/wp-json\/wp\/v2\/pages\/44","targetHints":{"allow":["GET"]}}],"collection":[{"href":"https:\/\/alliot.it\/en\/wp-json\/wp\/v2\/pages"}],"about":[{"href":"https:\/\/alliot.it\/en\/wp-json\/wp\/v2\/types\/page"}],"author":[{"embeddable":true,"href":"https:\/\/alliot.it\/en\/wp-json\/wp\/v2\/users\/1"}],"replies":[{"embeddable":true,"href":"https:\/\/alliot.it\/en\/wp-json\/wp\/v2\/comments?post=44"}],"version-history":[{"count":6,"href":"https:\/\/alliot.it\/en\/wp-json\/wp\/v2\/pages\/44\/revisions"}],"predecessor-version":[{"id":1473,"href":"https:\/\/alliot.it\/en\/wp-json\/wp\/v2\/pages\/44\/revisions\/1473"}],"wp:featuredmedia":[{"embeddable":true,"href":"https:\/\/alliot.it\/en\/wp-json\/wp\/v2\/media\/72"}],"wp:attachment":[{"href":"https:\/\/alliot.it\/en\/wp-json\/wp\/v2\/media?parent=44"}],"curies":[{"name":"wp","href":"https:\/\/api.w.org\/{rel}","templated":true}]}}