{"id":3,"date":"2024-02-29T08:57:32","date_gmt":"2024-02-29T08:57:32","guid":{"rendered":"https:\/\/alliot.it\/?page_id=3"},"modified":"2024-05-17T13:05:25","modified_gmt":"2024-05-17T13:05:25","slug":"privacy-cookie-policy","status":"publish","type":"page","link":"https:\/\/alliot.it\/en\/privacy-cookie-policy\/","title":{"rendered":"Privacy e Cookie Policy"},"content":{"rendered":"<div class=\"fusion-layout-column fusion_builder_column fusion-builder-column-0 fusion_builder_column_1_1 1_1 fusion-flex-column\">\r\n<div class=\"fusion-column-wrapper fusion-flex-justify-content-flex-start fusion-content-layout-column\">\r\n<div class=\"fusion-title title fusion-title-1 fusion-sep-none fusion-title-text fusion-title-size-one fusion-border-below-title\">\r\n<h2 class=\"title-heading-left fusion-responsive-typography-calculated wp-block-heading\" data-fontsize=\"40\" data-lineheight=\"46.4px\">Informativa sulla Privacy<\/h2>\r\n<\/div>\r\n<div class=\"fusion-text fusion-text-1\">\r\n<p>Informativa per trattamento di dati ai sensi e per gli effetti di cui all\u2019articolo 13, D.Lgs 30\/06\/2003 n.196<\/p>\r\n<p>In osservanza di quanto previsto dal D.Lgs 30.06.2003 n.196, il sito web alliot.it, in qualit\u00e0 di titolare del trattamento, viene a fornirLe le dovute informazione in ordine alle finalit\u00e0 e modalit\u00e0 del trattamento dei Suoi dati personali, nonch\u00e9 l\u2019ambito di comunicazione e diffusione degli stessi, alla natura dei dati in nostro possesso e del loro conferimento<\/p>\r\n<h3 class=\"fusion-responsive-typography-calculated\" data-fontsize=\"36\" data-lineheight=\"43.2px\">TIPOLOGIA DEI DATI TRATTATI<\/h3>\r\n<p>alliot.it effettua operazioni di trattamento dei dati che Lei fornisce al momento della iscrizione al servizio della newsletter su questo sito. Si tratta di dati anonimi, e non di dati di tipo identificativo.<\/p>\r\n<h3 class=\"fusion-responsive-typography-calculated\" data-fontsize=\"36\" data-lineheight=\"43.2px\">FINALIT\u00c0 DEL TRATTAMENTO<\/h3>\r\n<p>Il trattamento dei dati personali \u00e8 effettuato da alliot.it esclusivamente per i seguenti scopi: Fornire i servizi richiesti. Effettuare indagini di mercato e studi di marketing. Fornire informazioni e\/o offerte su prodotti, servizi o iniziative promosse da alliot.it senza che ci\u00f2 determini la cessione dei dati stessi a soggetti terzi.<\/p>\r\n<h3 class=\"fusion-responsive-typography-calculated\" data-fontsize=\"36\" data-lineheight=\"43.2px\">MODALIT\u00c0 E DURATA DEL TRATTAMENTO<\/h3>\r\n<p>I dati come sopra specificati e raccolti sono conservati su supporto informatico. Lei pu\u00f2 cancellare i dati, in qualsiasi momento e senza intermediazione, autonomamente e sotto la propria responsabilit\u00e0, attraverso una\u00a0<a href=\"https:\/\/alliot.it\/en\/cancellazione-newsletter\/\"><strong>procedura automatizzata on line<\/strong><\/a>\u00a0messa a disposizione da alliot.it.<\/p>\r\n<p>I dati sono trattati all\u2019interno della societ\u00e0, dai collaboratori e dai dipendenti che sono stati designati responsabili e\/o incaricati del trattamento e che hanno ricevuto le necessarie ed adeguate informazioni in materia. Il trattamento dei Suoi dati viene effettuato in modo lecito e secondo correttezza, per scopi determinati, espliciti e legittimi, non eccedenti rispetto alle finalit\u00e0.<\/p>\r\n<h3 class=\"fusion-responsive-typography-calculated\" data-fontsize=\"36\" data-lineheight=\"43.2px\">NATURA DEL CONFERIMENTO<\/h3>\r\n<p>La informiamo che la comunicazione dei dati \u00e8 necessaria ai fini dell\u2019adempimento dei servizi richiesti; il mancato conferimento, cos\u00ec come il conferimento parziale o inesatto, ha come conseguenza di impedire l\u2019erogazione puntuale del servizio.<\/p>\r\n<p>Lei pu\u00f2 far valere i Suoi diritti come espressi dall\u2019art. 7del D.Lgs n.196\/2003, inviando una e-mail a: info@alliot.it.<\/p>\r\n<\/div>\r\n<\/div>\r\n<\/div>\r\n<div class=\"fusion-layout-column fusion_builder_column fusion-builder-column-1 fusion_builder_column_1_1 1_1 fusion-flex-column\">\r\n<div class=\"fusion-column-wrapper fusion-flex-justify-content-flex-start fusion-content-layout-column\">\r\n<div class=\"fusion-separator\">\r\n<div class=\"fusion-separator-border sep-single sep-solid\">\u00a0<\/div>\r\n<\/div>\r\n<\/div>\r\n<\/div>\r\n<div class=\"fusion-layout-column fusion_builder_column fusion-builder-column-2 fusion_builder_column_1_1 1_1 fusion-flex-column\">\r\n<div class=\"fusion-column-wrapper fusion-flex-justify-content-flex-start fusion-content-layout-column\">\r\n<div class=\"fusion-title title fusion-title-2 fusion-sep-none fusion-title-text fusion-title-size-one fusion-border-below-title\">\r\n<h2 class=\"title-heading-left fusion-responsive-typography-calculated\" data-fontsize=\"40\" data-lineheight=\"46.4px\">Utilizzo dei Cookies<\/h2>\r\n<\/div>\r\n<div class=\"fusion-text fusion-text-2\">\r\n<p>Questo sito utilizza cookie, anche di terze parti, per migliorare l\u2019esperienza di navigazione e consentire a chi naviga di usufruire dei nostri servizi online e di visualizzare pubblicit\u00e0 in linea con le proprie preferenze.<\/p>\r\n<p>La presente policy sui cookies deve essere letta insieme alla nostra\u00a0<strong>Informativa sulla privacy\u00a0<\/strong>che ti invitiamo a consultare per ulteriori informazioni su che cosa facciamo e che cosa non facciamo con i tuoi dati personali.<\/p>\r\n<p><strong>Se prosegui nella navigazione del nostro sito acconsenti all\u2019utilizzo dei cookies.<\/strong><\/p>\r\n<p>I cookies utilizzati in questo sito rientrano nelle categorie descritte di seguito.<\/p>\r\n<h3 class=\"fusion-responsive-typography-calculated\" data-fontsize=\"36\" data-lineheight=\"43.2px\">COSA SONO I COOKIES<\/h3>\r\n<p>I cookie sono piccoli file di testo inviati da siti web e memorizzati sul vostro computer, tablet, smartphone o altro dispositivo mobile. Essi contengono informazioni di base sulla navigazione in Internet e grazie al browser vengono riconosciuti ogni volta che l\u2019utente visita il sito. I cookie possono anche essere cookie di prime parti se impostati dal sito visitato, oppure cookie di terze parti se inviati da un sito diverso da quello visitato.<\/p>\r\n<h3 class=\"fusion-responsive-typography-calculated\" data-fontsize=\"36\" data-lineheight=\"43.2px\">CLASSIFICAZIONE DEI COOKIES:<\/h3>\r\n<h4 class=\"fusion-responsive-typography-calculated\" data-fontsize=\"32\" data-lineheight=\"41.6px\">COOKIE TECNICI<\/h4>\r\n<p>Questa tipologia di cookie permette il corretto funzionamento di alcune sezioni del sito. Sono di due categorie, permanenti\u00a0e di sessione:<\/p>\r\n<ul>\r\n<li><strong>permanenti:<\/strong>\u00a0una volta chiuso il browser non vengono distrutti ma rimangono fino ad una data di scadenza preimpostata o finch\u00e9 l\u2019utente non li elimina.<\/li>\r\n<li><strong>di sessione:<\/strong>\u00a0vengono distrutti ogni volta che il browser viene chiuso<br \/>Questi cookie sono necessari a visualizzare correttamente il sito e in relazione ai servizi tecnici offerti, verranno quindi sempre utilizzati e inviati, a meno che l\u2019utenza non modifichi le impostazioni nel proprio browser.<\/li>\r\n<li>\u00a0<\/li>\r\n<\/ul>\r\n<p>I cookies tecnici vengo utilizzati per le seguenti attivit\u00e0:<\/p>\r\n<ul>\r\n<li><strong>Attivit\u00e0 strettamente necessarie al funzionamento<\/strong><\/li>\r\n<\/ul>\r\n<p>Questi cookies hanno natura tecnica e permettono al sito di funzionare correttamente. Ad esempio, mantengono l\u2019utente collegato durante la navigazione evitando che il sito richieda di collegarsi pi\u00f9 volte per accedere alle varie pagine o sezioni del sito.<\/p>\r\n<ul>\r\n<li><strong>Attivit\u00e0 di salvataggio delle preferenze<\/strong><\/li>\r\n<\/ul>\r\n<p>Questi cookie permettono di ricordare le preferenze selezionate dall\u2019utente durante la navigazione, ad esempio, consentono di impostare la lingua.<\/p>\r\n<ul>\r\n<li><strong>Attivit\u00e0 Statistiche e di Misurazione dell\u2019audience<\/strong><\/li>\r\n<\/ul>\r\n<p>Questi cookie ci aiutano a capire, attraverso dati raccolti in forma anonima e aggregata, come gli utenti interagiscono con il nostro sito internet fornendoci informazioni relative alle sezioni visitate, il tempo trascorso sul sito, eventuali malfunzionamenti. Questo ci aiuta a migliorare la resa del nostro sito internet.<\/p>\r\n<h4 class=\"fusion-responsive-typography-calculated\" data-fontsize=\"32\" data-lineheight=\"41.6px\">COOKIES DI PROFILAZIONE<\/h4>\r\n<p>Questi cookie servono per creare \u201cprofili utente\u201d e permettono di inviare messaggi pubblicitari in linea con le preferenze e le scelte che emergono dalla navigazione di ciascuno utente.\u00a0<strong>Questo sito NON UTILIZZA NESSUN COOKIE DI QUESTA TIPOLOGIA.\u00a0<\/strong>Tuttavia Facebook, Google e altri siti ne fanno uso. Per maggiori informazioni leggere il paragrafo seguente \u201ccookies di terze parti\u201d.\u00a0Si precisa che nessuna responsabilit\u00e0 potr\u00e0 essere fatta valere nei confronti del nostro sito nel caso in cui i siti esterni a questo non si siano correttamente adeguati alla nuova politica sull\u2019 utilizzo dei cookie.<\/p>\r\n<h4 class=\"fusion-responsive-typography-calculated\" data-fontsize=\"32\" data-lineheight=\"41.6px\">COOKIES DI TERZE PARTI<\/h4>\r\n<p>Visitando un sito web si possono ricevere cookie sia dal sito visitato (\u201cproprietari\u201d), sia da siti gestiti da altre organizzazioni (\u201cterze parti\u201d). Un esempio notevole \u00e8 rappresentato dalla presenza dei \u201csocial plugin\u201d per Facebook, Twitter, Google+ e LinkedIn. Si tratta di parti della pagina visitata generate direttamente dai suddetti siti ed integrati nella pagina del sito ospitante. L\u2019utilizzo pi\u00f9 comune dei social plugin \u00e8 finalizzato alla condivisione dei contenuti sui social network. Rientrano in questa categoria anche tutti gli eventuali link ai social network presenti su questo sito.<\/p>\r\n<p>La presenza di questi plugin\/link comporta la trasmissione di cookie da e verso tutti i siti gestiti da terze parti. La gestione delle informazioni raccolte da \u201cterze parti\u201d \u00e8 disciplinata dalle relative informative cui si prega di fare riferimento. Per garantire una maggiore trasparenza e comodit\u00e0, si riportano qui di seguito gli indirizzi web delle diverse informative e delle modalit\u00e0 per la gestione dei cookie.<\/p>\r\n<p>Facebook informativa:\u00a0<a href=\"https:\/\/www.facebook.com\/help\/cookies\/\" target=\"_blank\" rel=\"noopener\">clicca qui<\/a><\/p>\r\n<p>Facebook (configurazione): accedere al proprio account. Sezione privacy.<\/p>\r\n<p>Twitter informative:\u00a0<a href=\"https:\/\/support.twitter.com\/articles\/20170514\" target=\"_blank\" rel=\"noopener\">clicca qui<\/a><\/p>\r\n<p>Twitter (configurazione):\u00a0<a href=\"https:\/\/twitter.com\/settings\/security\" target=\"_blank\" rel=\"noopener\">clicca qui<\/a><\/p>\r\n<p>Linkedin informativa:\u00a0<a href=\"https:\/\/www.linkedin.com\/legal\/cookie-policy\" target=\"_blank\" rel=\"noopener\">clicca qui<\/a><\/p>\r\n<p>Linkedin (configurazione):\u00a0<a href=\"https:\/\/www.linkedin.com\/settings\/\" target=\"_blank\" rel=\"noopener\">clicca qui<\/a><\/p>\r\n<p>Google+ informativa:\u00a0<a href=\"http:\/\/www.google.it\/intl\/it\/policies\/technologies\/cookies\/\" target=\"_blank\" rel=\"noopener\">clicca qui<\/a><\/p>\r\n<p>Google+ (configurazione):\u00a0<a href=\"http:\/\/www.google.it\/intl\/it\/policies\/technologies\/managing\/\" target=\"_blank\" rel=\"noopener\">clicca qui<\/a><\/p>\r\n<h3 class=\"fusion-responsive-typography-calculated\" data-fontsize=\"36\" data-lineheight=\"43.2px\">DISABILITARE I COOKIE<\/h3>\r\n<p>In qualunque momento \u00e8 possibile disabilitare i cookies presenti sul browser; ti ricordiamo che quest\u2019opzione potrebbe limitare molte delle funzionalit\u00e0 di navigazione del sito.<\/p>\r\n<h3 class=\"fusion-responsive-typography-calculated\" data-fontsize=\"36\" data-lineheight=\"43.2px\">ISTRUZIONI DISABILITAZIONE COOKIES DAI BROWSERS<\/h3>\r\n<ul>\r\n<li>disabilitazione dei cookie su\u00a0<a href=\"https:\/\/support.mozilla.org\/it\/kb\/Attivare%20e%20disattivare%20i%20cookie\" target=\"_blank\" rel=\"noopener\"><strong>Firefox<\/strong>\u00a0<\/a><\/li>\r\n<li>disabilitazione dei cookie su\u00a0<a href=\"http:\/\/www.google.com\/policies\/technologies\/managing\/\" target=\"_blank\" rel=\"noopener\"><strong>Chrome<\/strong><\/a><\/li>\r\n<li>disabilitazione dei cookie su\u00a0<a href=\"http:\/\/windows.microsoft.com\/it-it\/internet-explorer\/delete-manage-cookies#ie=ie-11\" target=\"_blank\" rel=\"noopener\"><strong>Internet Explorer<\/strong><\/a><\/li>\r\n<li>disabilitazione dei cookie su\u00a0<a href=\"http:\/\/support.apple.com\/kb\/HT1677?viewlocale=it_IT&amp;locale=it_IT\" target=\"_blank\" rel=\"noopener\"><strong>Safari\u00a0<\/strong><\/a><\/li>\r\n<li>disabilitazione dei cookie su\u00a0<a href=\"http:\/\/help.opera.com\/Mac\/12.10\/it\/cookies.html\" target=\"_blank\" rel=\"noopener\"><strong>Opera\u00a0<\/strong><\/a><\/li>\r\n<\/ul>\r\n<p>Se usi un qualsiasi altro browser, cerca nelle impostazioni del browser la modalit\u00e0 di gestione dei cookies.<\/p>\r\n<p>Per saperne di pi\u00f9 riguardo la gestione dei cookie sul browser dei dispositivi mobili, consultare il manuale utente specifico. Puoi anche trovare ulteriori informazioni sui cookies e su come gestirli consultando il sito\u00a0<a href=\"http:\/\/www.aboutcookies.org\/\" target=\"_blank\" rel=\"noopener\"><strong>www.aboutcookies.org<\/strong><\/a>.<\/p>\r\n<p>Inoltre accedendo alla pagina\u00a0<strong><a href=\"http:\/\/www.youronlinechoices.com\/it\/le-tue-scelte\" target=\"_blank\" rel=\"noopener\">http:\/\/www.youronlinechoices.com\/it\/le-tue-scelte<\/a><\/strong>\u00a0\u00e8 possibile informarsi sulla pubblicit\u00e0 comportamentale oltre che disattivare o attivare le societ\u00e0 elencate e che lavorano con i gestori dei siti web per raccogliere e utilizzare informazioni utili alla fruizione della pubblicit\u00e0.<\/p>\r\n<\/div>\r\n<\/div>\r\n<\/div>","protected":false},"excerpt":{"rendered":"<p>Informativa sulla Privacy Informativa per trattamento di dati ai sensi e per gli effetti di cui all\u2019articolo 13, D.Lgs 30\/06\/2003 n.196 In osservanza di quanto previsto dal D.Lgs 30.06.2003 n.196, il sito web alliot.it, in qualit\u00e0 di titolare del trattamento, viene a fornirLe le dovute informazione in ordine alle finalit\u00e0 e modalit\u00e0 del trattamento dei [&hellip;]<\/p>","protected":false},"author":1,"featured_media":0,"parent":0,"menu_order":0,"comment_status":"closed","ping_status":"closed","template":"","meta":{"_acf_changed":false,"footnotes":""},"class_list":["post-3","page","type-page","status-publish","hentry"],"acf":[],"_links":{"self":[{"href":"https:\/\/alliot.it\/en\/wp-json\/wp\/v2\/pages\/3","targetHints":{"allow":["GET"]}}],"collection":[{"href":"https:\/\/alliot.it\/en\/wp-json\/wp\/v2\/pages"}],"about":[{"href":"https:\/\/alliot.it\/en\/wp-json\/wp\/v2\/types\/page"}],"author":[{"embeddable":true,"href":"https:\/\/alliot.it\/en\/wp-json\/wp\/v2\/users\/1"}],"replies":[{"embeddable":true,"href":"https:\/\/alliot.it\/en\/wp-json\/wp\/v2\/comments?post=3"}],"version-history":[{"count":3,"href":"https:\/\/alliot.it\/en\/wp-json\/wp\/v2\/pages\/3\/revisions"}],"predecessor-version":[{"id":198,"href":"https:\/\/alliot.it\/en\/wp-json\/wp\/v2\/pages\/3\/revisions\/198"}],"wp:attachment":[{"href":"https:\/\/alliot.it\/en\/wp-json\/wp\/v2\/media?parent=3"}],"curies":[{"name":"wp","href":"https:\/\/api.w.org\/{rel}","templated":true}]}}